{"id":977,"date":"2023-11-02T09:46:37","date_gmt":"2023-11-02T13:46:37","guid":{"rendered":"https:\/\/lavalsenior.swlauriersb.qc.ca\/staff\/"},"modified":"2024-04-03T14:10:45","modified_gmt":"2024-04-03T14:10:45","slug":"personnel","status":"publish","type":"page","link":"https:\/\/lsa.swlauriersb.qc.ca\/fr\/personnel\/","title":{"rendered":"Personnel"},"content":{"rendered":"\n<div class=\"block-accordions-group theme-block theme-block--innerblock aligndefault\">\n    <span class=\"theme-block__label\">Accordions<\/span>\n  \n    \n<div class=\"block-accordion  theme-block theme-block--innerblock aligndefault\">\n    <span class=\"theme-block__label\">Accordion<\/span>\n    <h3 class=\"block-accordion__title\">Administration<\/h3>\n    \n\n<p>M. Serge-\u00c9douard Jeanniton (directeur)<\/p>\n\n\n\n<p>&nbsp;M<sup>me<\/sup> Catheryne Porsenna (directrice adjointe, 3<sup>e<\/sup> secondaire)<\/p>\n\n\n\n<p>&nbsp;M. Chris Kavallos (directeur adjoint, 4<sup>e<\/sup> secondaire)<\/p>\n\n\n\n<p>&nbsp;M<sup>me<\/sup> Daphney Bernavil (directrice adjointe, 5<sup>e<\/sup> secondaire)<\/p>\n\n\n<\/div>\n\n                    \n\n\n<div class=\"block-accordion  theme-block theme-block--innerblock aligndefault\">\n    <span class=\"theme-block__label\">Accordion<\/span>\n    <h3 class=\"block-accordion__title\">Secr\u00e9taires<\/h3>\n    \n\n<p>M<sup>me<\/sup> L. Antonacci<\/p>\n\n\n\n<p>&nbsp;M<sup>me<\/sup> Filia Koutsos<\/p>\n\n\n\n<p>&nbsp;M<sup>me<\/sup> Lynn McArthur<\/p>\n\n\n\n<p>&nbsp;M<sup>me<\/sup> Jill Stanbra<\/p>\n\n\n\n<p>&nbsp;M<sup>me<\/sup> Patrizia Zichella<\/p>\n\n\n<\/div>\n\n                    \n\n\n<div class=\"block-accordion  theme-block theme-block--innerblock aligndefault\">\n    <span class=\"theme-block__label\">Accordion<\/span>\n    <h3 class=\"block-accordion__title\">Directrice des services administratifs<\/h3>\n    \n\n<p>M<sup>me<\/sup> Silvana Di Medio<\/p>\n\n\n<\/div>\n\n                    \n\n\n<div class=\"block-accordion  theme-block theme-block--innerblock aligndefault\">\n    <span class=\"theme-block__label\">Accordion<\/span>\n    <h3 class=\"block-accordion__title\">Service de conseil en orientation<\/h3>\n    \n\n<p>M. Michael Ioannidis<\/p>\n\n\n\n<p>&nbsp;M<sup>me<\/sup> Leslie Shuster<\/p>\n\n\n\n<p>&nbsp;M<sup>me<\/sup> Fani Triantos<\/p>\n\n\n<\/div>\n\n                    \n\n\n<div class=\"block-accordion  theme-block theme-block--innerblock aligndefault\">\n    <span class=\"theme-block__label\">Accordion<\/span>\n    <h3 class=\"block-accordion__title\">Techniciennes en \u00e9ducation sp\u00e9cialis\u00e9e<\/h3>\n    \n\n<p> <\/p>\n\n\n\n<p>&nbsp;M<sup>me<\/sup> Martha Assima<\/p>\n\n\n\n<p>&nbsp;M<sup>me<\/sup> Lisa Benwell<\/p>\n\n\n\n<p>&nbsp;M<sup>me<\/sup> Laura Deegan-Kane<\/p>\n\n\n\n<p>&nbsp;M<sup>me<\/sup> Cynthia Fournier<\/p>\n\n\n\n<p>&nbsp;M<sup>me<\/sup> Sophie Karvouniaris&nbsp;<\/p>\n\n\n\n<p>&nbsp;M<sup>me<\/sup> Tania Pallotta<\/p>\n\n\n<\/div>\n\n                    \n\n\n<div class=\"block-accordion  theme-block theme-block--innerblock aligndefault\">\n    <span class=\"theme-block__label\">Accordion<\/span>\n    <h3 class=\"block-accordion__title\">Biblioth\u00e8que <\/h3>\n    \n\n<p>M<sup>me<\/sup> Laura Wulf (biblioth\u00e9caire)<\/p>\n\n\n<\/div>\n\n                    \n\n\n<div class=\"block-accordion  theme-block theme-block--innerblock aligndefault\">\n    <span class=\"theme-block__label\">Accordion<\/span>\n    <h3 class=\"block-accordion__title\">Surveillantes et surveillants<\/h3>\n    \n\n<p>M<sup>me<\/sup> Natasha Lupin<\/p>\n\n\n\n<p>&nbsp;M<sup>me<\/sup> Bessie Paraskevopoulos<\/p>\n\n\n\n<p>&nbsp;M. James Starke<\/p>\n\n\n\n<p>&nbsp;M<sup>me<\/sup> Gina Wilson<\/p>\n\n\n<\/div>\n\n                    \n\n\n<div class=\"block-accordion  theme-block theme-block--innerblock aligndefault\">\n    <span class=\"theme-block__label\">Accordion<\/span>\n    <h3 class=\"block-accordion__title\">Pr\u00e9pos\u00e9es <\/h3>\n    \n\n<p> <\/p>\n\n\n\n<p>&nbsp;M<sup>me<\/sup> Teresa Grande<\/p>\n\n\n\n<p>&nbsp;M<sup>me<\/sup> Teresa Ferracane<\/p>\n\n\n\n<p>&nbsp;M<sup>me<\/sup> Spyridoula (Betty) Pitsiladis<\/p>\n\n\n\n<p>&nbsp;M<sup>me<\/sup> Marilena Rotondo<\/p>\n\n\n\n<p>&nbsp;M<sup>me<\/sup> Silvana Salera<\/p>\n\n\n\n<p>&nbsp;M<sup>me<\/sup> Maria Salvaggio<\/p>\n\n\n\n<p>&nbsp;M<sup>me<\/sup> Joanne St-Jacques<\/p>\n\n\n<\/div>\n\n                    \n\n\n<div class=\"block-accordion  theme-block theme-block--innerblock aligndefault\">\n    <span class=\"theme-block__label\">Accordion<\/span>\n    <h3 class=\"block-accordion__title\">D\u00e9partement des arts<\/h3>\n    \n\n<p> <\/p>\n\n\n\n<p>&nbsp;M<sup>me<\/sup> E. Burton, baccalaur\u00e9at en beaux-arts, baccalaur\u00e9at en \u00e9ducation<\/p>\n\n\n\n<p>&nbsp;M<sup>me<\/sup> C. Carpanzano, baccalaur\u00e9at en beaux-arts, sp\u00e9cialisation en \u00e9ducation artistique<\/p>\n\n\n\n<p>&nbsp;M<sup>me<\/sup> L. Gurnagul<\/p>\n\n\n\n<p>&nbsp;M. L. Kalipolidis<\/p>\n\n\n\n<p>&nbsp;M<sup>me<\/sup> M. Nembavlakis<\/p>\n\n\n\n<p>&nbsp;M<sup>me<\/sup> V. N\u00e9ron<\/p>\n\n\n\n<p>&nbsp;M<sup>me<\/sup> E. Thomas<\/p>\n\n\n<\/div>\n\n                    \n\n\n<div class=\"block-accordion  theme-block theme-block--innerblock aligndefault\">\n    <span class=\"theme-block__label\">Accordion<\/span>\n    <h3 class=\"block-accordion__title\">D\u00e9partement d\u2019anglais<\/h3>\n    \n\n<p> <\/p>\n\n\n\n<p>M<sup>me<\/sup> V. Basciani<\/p>\n\n\n\n<p>&nbsp;M<sup>me<\/sup> K. Ferri, baccalaur\u00e9at en litt\u00e9rature anglaise, baccalaur\u00e9at en \u00e9ducation<\/p>\n\n\n\n<p>&nbsp;M<sup>me<\/sup> R. Frattolillo<\/p>\n\n\n\n<p>&nbsp;M<sup>me<\/sup> S. Gazzola<\/p>\n\n\n\n<p>&nbsp;M. J. Gomola<\/p>\n\n\n\n<p>&nbsp;M<sup>me<\/sup> A. Gosdanian<\/p>\n\n\n\n<p>&nbsp;M<sup>me<\/sup> D. Lambropoulos<\/p>\n\n\n\n<p>&nbsp;M. K. Le Seelleur<\/p>\n\n\n\n<p>&nbsp;M<sup>me<\/sup> J. Lozyk<\/p>\n\n\n\n<p>&nbsp;M. D. Luomala<\/p>\n\n\n\n<p>&nbsp;M. M. Markoff<\/p>\n\n\n\n<p>&nbsp;M<sup>me<\/sup> S. Reale<\/p>\n\n\n\n<p>&nbsp;M<sup>me<\/sup> D. Strongilos<\/p>\n\n\n\n<p>&nbsp;M<sup>me<\/sup> V. Tana<\/p>\n\n\n\n<p>&nbsp;M<sup>me<\/sup> I. Tozzi<\/p>\n\n\n<\/div>\n\n                    \n\n\n<div class=\"block-accordion  theme-block theme-block--innerblock aligndefault\">\n    <span class=\"theme-block__label\">Accordion<\/span>\n    <h3 class=\"block-accordion__title\">D\u00e9partement d\u2019\u00e9thique et de culture religieuse<\/h3>\n    \n\n<p>M<sup>me<\/sup> M. Alfieri<\/p>\n\n\n\n<p>&nbsp;M. A. Calabrese<\/p>\n\n\n\n<p>&nbsp;M. G. Simms<\/p>\n\n\n<\/div>\n\n                    \n\n\n<div class=\"block-accordion  theme-block theme-block--innerblock aligndefault\">\n    <span class=\"theme-block__label\">Accordion<\/span>\n    <h3 class=\"block-accordion__title\">D\u00e9partement de fran\u00e7ais<\/h3>\n    \n\n<p>\u00a0<\/p>\n\n\n\n<p>M<sup>me<\/sup> E. Desjardins<\/p>\n\n\n\n<p>&nbsp;M. D. Desrosiers<\/p>\n\n\n\n<p>&nbsp;M<sup>me<\/sup> M. De Maina<\/p>\n\n\n\n<p>&nbsp;M<sup>me<\/sup> C. Fasone<\/p>\n\n\n\n<p>&nbsp;M<sup>me<\/sup> G. Fortune<\/p>\n\n\n\n<p>&nbsp;M. M. Gr\u00eave<\/p>\n\n\n\n<p>&nbsp;M. A. Gorda<\/p>\n\n\n\n<p>&nbsp;M<sup>me<\/sup> M. L\u00e9vesque<\/p>\n\n\n\n<p>&nbsp;M<sup>me<\/sup> K. Mainguy<\/p>\n\n\n\n<p>&nbsp;M. D. Nguyen<\/p>\n\n\n\n<p>&nbsp;M<sup>me<\/sup> J. Royer<\/p>\n\n\n\n<p>&nbsp;M<sup>me<\/sup> J. Samia<\/p>\n\n\n\n<p>&nbsp;M. \u00c9. Saint-Vincent<\/p>\n\n\n<\/div>\n\n                    \n\n\n<div class=\"block-accordion  theme-block theme-block--innerblock aligndefault\">\n    <span class=\"theme-block__label\">Accordion<\/span>\n    <h3 class=\"block-accordion__title\">D\u00e9partement de math\u00e9matique et de science<\/h3>\n    \n\n<p>\u00a0<\/p>\n\n\n\n<p>&nbsp;M<sup>me<\/sup> T. Bellon<\/p>\n\n\n\n<p>&nbsp;M<sup>me<\/sup> J. Boys<\/p>\n\n\n\n<p>&nbsp;M. F. De Luca<\/p>\n\n\n\n<p>&nbsp;M. C. Del Bosco<\/p>\n\n\n\n<p>&nbsp;M<sup>me<\/sup> M. Andrea D\u2019Amicantonio<\/p>\n\n\n\n<p>&nbsp;M<sup>me<\/sup> C. De Sua<\/p>\n\n\n\n<p>&nbsp;M<sup>me<\/sup> C. Farray<\/p>\n\n\n\n<p>&nbsp;M<sup>me<\/sup> O. Gioia<\/p>\n\n\n\n<p>&nbsp;M<sup>me<\/sup> J. Graham<\/p>\n\n\n\n<p>&nbsp;M<sup>me<\/sup> N. Helal<\/p>\n\n\n\n<p>&nbsp;M. M. Kokinos<\/p>\n\n\n\n<p>&nbsp;M<sup>me<\/sup> S. Kombitsakis<\/p>\n\n\n\n<p>&nbsp;M<sup>me<\/sup> N. Kourembanas&nbsp;&nbsp;<\/p>\n\n\n\n<p>&nbsp;M<sup>me<\/sup> V. Krawczyk<\/p>\n\n\n\n<p>&nbsp;M<sup>me<\/sup> T. Leblanc<\/p>\n\n\n\n<p>&nbsp;M. E. Mbachu<\/p>\n\n\n\n<p>&nbsp;M<sup>me<\/sup> H. McPherson, doctorat en science de l\u2019\u00e9ducation<\/p>\n\n\n\n<p>&nbsp;M<sup>me<\/sup> K. Milbradt<\/p>\n\n\n\n<p>&nbsp;M<sup>me<\/sup> C. Nassif<\/p>\n\n\n\n<p>&nbsp;M. P. Neeson<\/p>\n\n\n\n<p>&nbsp;M<sup>me<\/sup> J. Patel<\/p>\n\n\n\n<p>&nbsp;M. I. Politis<\/p>\n\n\n\n<p>&nbsp;M. M. Purdy<\/p>\n\n\n\n<p>&nbsp;M<sup>me<\/sup> A. Vlaun, ma\u00eetrise en enseignement et apprentissage, baccalaur\u00e9at en sciences<\/p>\n\n\n\n<p>&nbsp;M. D. Voinea, baccalaur\u00e9at en g\u00e9nie, baccalaur\u00e9at en droit, baccalaur\u00e9at en enseignement des math\u00e9matiques<\/p>\n\n\n<\/div>\n\n                    \n\n\n<div class=\"block-accordion  theme-block theme-block--innerblock aligndefault\">\n    <span class=\"theme-block__label\">Accordion<\/span>\n    <h3 class=\"block-accordion__title\">D\u00e9partement d\u2019\u00e9ducation physique<\/h3>\n    \n\n<p>\u00a0<\/p>\n\n\n\n<p>&nbsp;M. E. Asmaklis<\/p>\n\n\n\n<p>&nbsp;M. J. Asmaklis<\/p>\n\n\n\n<p>&nbsp;M. E. Brotto<\/p>\n\n\n\n<p>&nbsp;M. M. Di Stefano<\/p>\n\n\n\n<p>&nbsp;M. J. Fitzmorris<\/p>\n\n\n\n<p>&nbsp;M. K. Liu<\/p>\n\n\n\n<p>&nbsp;M. T. Lygris<\/p>\n\n\n\n<p>&nbsp;M. P. Stephens<\/p>\n\n\n\n<p>&nbsp;M. C. Teolis<\/p>\n\n\n\n<p>&nbsp;M. G. Yip<\/p>\n\n\n<\/div>\n\n                    \n\n\n<div class=\"block-accordion  theme-block theme-block--innerblock aligndefault\">\n    <span class=\"theme-block__label\">Accordion<\/span>\n    <h3 class=\"block-accordion__title\">D\u00e9partement d\u2019\u00e9tudes sociales<\/h3>\n    \n\n<p>\u00a0<\/p>\n\n\n\n<p>M<sup>me<\/sup> M. S. Amanatidis<\/p>\n\n\n\n<p>&nbsp;M<sup>me<\/sup> A. Cloutier<\/p>\n\n\n\n<p>&nbsp;M. G. Cowley<\/p>\n\n\n\n<p>&nbsp;M<sup>me<\/sup> T. Kabassakalian, baccalaur\u00e9at en \u00e9ducation, ma\u00eetrise en \u00e9ducation<\/p>\n\n\n\n<p>&nbsp;M. A. Karamanukian<\/p>\n\n\n\n<p>&nbsp;M. R. Koffler<\/p>\n\n\n\n<p>&nbsp;M. P. Lagopoulos<\/p>\n\n\n\n<p>&nbsp;M. D. Rossi<\/p>\n\n\n\n<p>&nbsp;M. M. Sanchini<\/p>\n\n\n\n<p>&nbsp;M. G. Strati<\/p>\n\n\n<\/div>\n\n                    \n\n\n<div class=\"block-accordion  theme-block theme-block--innerblock aligndefault\">\n    <span class=\"theme-block__label\">Accordion<\/span>\n    <h3 class=\"block-accordion__title\">Programmes d\u2019alternance travail-\u00e9tudes<\/h3>\n    \n\n<p>\u00a0<\/p>\n\n\n\n<p>M<sup>me<\/sup> T. Bournakis<\/p>\n\n\n\n<p>&nbsp;M<sup>me<\/sup> R. Cavaliere<\/p>\n\n\n\n<p>&nbsp;M. M. Chioda<\/p>\n\n\n\n<p>&nbsp;M<sup>me<\/sup> J. Downey<\/p>\n\n\n\n<p>&nbsp;M<sup>me<\/sup> E. Fengos<\/p>\n\n\n\n<p>&nbsp;M<sup>me<\/sup> E. Graham<\/p>\n\n\n\n<p>&nbsp;M<sup>me<\/sup> S. Kerr<\/p>\n\n\n\n<p>&nbsp;M. A. Lage<\/p>\n\n\n\n<p>&nbsp;M<sup>me<\/sup> S. Lancione<\/p>\n\n\n\n<p>&nbsp;M<sup>me<\/sup> T. Parks<\/p>\n\n\n\n<p>&nbsp;M. D. Sciotto<\/p>\n\n\n\n<p>&nbsp;M<sup>me<\/sup> K. Stanbra<\/p>\n\n\n\n<p>&nbsp;M. K. Tomazos<\/p>\n\n\n<\/div>\n\n                    \n\n\n<\/div>\n","protected":false},"excerpt":{"rendered":"","protected":false},"author":1,"featured_media":0,"parent":0,"menu_order":0,"comment_status":"closed","ping_status":"closed","template":"","meta":{"_acf_changed":false,"_relevanssi_hide_post":"","_relevanssi_hide_content":"","_relevanssi_pin_for_all":"","_relevanssi_pin_keywords":"","_relevanssi_unpin_keywords":"","_relevanssi_related_keywords":"","_relevanssi_related_include_ids":"","_relevanssi_related_exclude_ids":"","_relevanssi_related_no_append":"","_relevanssi_related_not_related":"","_relevanssi_related_posts":"108,304,302,303,106,372","_relevanssi_noindex_reason":"","footnotes":""},"acf":[],"_links":{"self":[{"href":"https:\/\/lsa.swlauriersb.qc.ca\/fr\/wp-json\/wp\/v2\/pages\/977"}],"collection":[{"href":"https:\/\/lsa.swlauriersb.qc.ca\/fr\/wp-json\/wp\/v2\/pages"}],"about":[{"href":"https:\/\/lsa.swlauriersb.qc.ca\/fr\/wp-json\/wp\/v2\/types\/page"}],"author":[{"embeddable":true,"href":"https:\/\/lsa.swlauriersb.qc.ca\/fr\/wp-json\/wp\/v2\/users\/1"}],"replies":[{"embeddable":true,"href":"https:\/\/lsa.swlauriersb.qc.ca\/fr\/wp-json\/wp\/v2\/comments?post=977"}],"version-history":[{"count":1,"href":"https:\/\/lsa.swlauriersb.qc.ca\/fr\/wp-json\/wp\/v2\/pages\/977\/revisions"}],"predecessor-version":[{"id":995,"href":"https:\/\/lsa.swlauriersb.qc.ca\/fr\/wp-json\/wp\/v2\/pages\/977\/revisions\/995"}],"wp:attachment":[{"href":"https:\/\/lsa.swlauriersb.qc.ca\/fr\/wp-json\/wp\/v2\/media?parent=977"}],"curies":[{"name":"wp","href":"https:\/\/api.w.org\/{rel}","templated":true}]}}